{"id":417,"date":"2024-04-03T11:31:47","date_gmt":"2024-04-03T09:31:47","guid":{"rendered":"https:\/\/www.afilsa.es\/?page_id=417"},"modified":"2025-11-20T08:51:14","modified_gmt":"2025-11-20T07:51:14","slug":"advice-for-self-employed","status":"publish","type":"page","link":"https:\/\/www.afilsa.es\/en\/asesoria-para-autonomos\/","title":{"rendered":"Advice for self-employed"},"content":{"rendered":"<div data-elementor-type=\"wp-page\" data-elementor-id=\"417\" class=\"elementor elementor-417\" data-elementor-post-type=\"page\">\n\t\t\t\t<div class=\"elementor-element elementor-element-56fbd4c2 e-con-full e-flex e-con e-parent\" data-id=\"56fbd4c2\" data-element_type=\"container\" data-e-type=\"container\" data-settings=\"{&quot;background_background&quot;:&quot;classic&quot;}\">\n\t\t<div class=\"elementor-element elementor-element-35205103 e-con-full e-flex e-con e-child\" data-id=\"35205103\" data-element_type=\"container\" data-e-type=\"container\">\n\t\t\t\t<div class=\"elementor-element elementor-element-47371a91 elementor-widget elementor-widget-heading\" data-id=\"47371a91\" data-element_type=\"widget\" data-e-type=\"widget\" data-widget_type=\"heading.default\">\n\t\t\t\t<div class=\"elementor-widget-container\">\n\t\t\t\t\t<h1 class=\"elementor-heading-title elementor-size-default\">Advice for self-employed<\/h1>\t\t\t\t<\/div>\n\t\t\t\t<\/div>\n\t\t\t\t<\/div>\n\t\t\t\t<\/div>\n\t\t<div class=\"elementor-element elementor-element-12582797 e-flex e-con-boxed e-con e-parent\" data-id=\"12582797\" data-element_type=\"container\" data-e-type=\"container\" data-settings=\"{&quot;background_background&quot;:&quot;gradient&quot;}\">\n\t\t\t\t\t<div class=\"e-con-inner\">\n\t\t\t\t<div class=\"elementor-element elementor-element-21e9182b elementor-widget elementor-widget-heading\" data-id=\"21e9182b\" data-element_type=\"widget\" data-e-type=\"widget\" data-widget_type=\"heading.default\">\n\t\t\t\t<div class=\"elementor-widget-container\">\n\t\t\t\t\t<div class=\"elementor-heading-title elementor-size-default\">Self-employed<\/div>\t\t\t\t<\/div>\n\t\t\t\t<\/div>\n\t\t\t\t<div class=\"elementor-element elementor-element-3f281d84 animated-fast elementor-invisible elementor-widget elementor-widget-heading\" data-id=\"3f281d84\" data-element_type=\"widget\" data-e-type=\"widget\" data-settings=\"{&quot;_animation&quot;:&quot;slideInDown&quot;,&quot;_animation_delay&quot;:950}\" data-widget_type=\"heading.default\">\n\t\t\t\t<div class=\"elementor-widget-container\">\n\t\t\t\t\t<h2 class=\"elementor-heading-title elementor-size-default\">Consulting and accounting for self-employed people in Valencia<\/h2>\t\t\t\t<\/div>\n\t\t\t\t<\/div>\n\t\t\t\t<div class=\"elementor-element elementor-element-2bed8010 elementor-widget elementor-widget-text-editor\" data-id=\"2bed8010\" data-element_type=\"widget\" data-e-type=\"widget\" data-widget_type=\"text-editor.default\">\n\t\t\t\t<div class=\"elementor-widget-container\">\n\t\t\t\t\t\t\t\t\t<p>Many of the entrepreneurs who begin their journey in the world of work by making their way among large or medium-sized companies are self-employed.<\/p><p>For their businesses to take the desired shape and direction while complying with established legislation, it is advisable that they have the help of trusted professionals, such as issues of taxes and fees, contracts, Social Security registration, income tax returns, etc.<\/p><p>At Afilsa SL we provide the client with highly qualified managers and experts in accounting for the self-employed, who will carry out exhaustive, fast and effective work, always looking for the most beneficial aspect for the businessman, and finding the best option for savings and profitability.<\/p><p>We have a wide range of professionals to be able to offer a complete and updated service, in order to help the self-employed in their growth and development, as well as in the presentation of the mandatory tax models.<\/p>\t\t\t\t\t\t\t\t<\/div>\n\t\t\t\t<\/div>\n\t\t\t\t\t<\/div>\n\t\t\t\t<\/div>\n\t\t<div class=\"elementor-element elementor-element-39bec4e8 e-flex e-con-boxed e-con e-parent\" data-id=\"39bec4e8\" data-element_type=\"container\" data-e-type=\"container\" data-settings=\"{&quot;background_background&quot;:&quot;classic&quot;}\">\n\t\t\t\t\t<div class=\"e-con-inner\">\n\t\t<div class=\"elementor-element elementor-element-6e56c2fd e-flex e-con-boxed e-con e-child\" data-id=\"6e56c2fd\" data-element_type=\"container\" data-e-type=\"container\">\n\t\t\t\t\t<div class=\"e-con-inner\">\n\t\t\t\t<div class=\"elementor-element elementor-element-5b22deac elementor-widget__width-initial animated-fast elementor-invisible elementor-widget elementor-widget-spacer\" data-id=\"5b22deac\" data-element_type=\"widget\" data-e-type=\"widget\" data-settings=\"{&quot;_animation&quot;:&quot;slideInLeft&quot;,&quot;_animation_delay&quot;:500}\" data-widget_type=\"spacer.default\">\n\t\t\t\t<div class=\"elementor-widget-container\">\n\t\t\t\t\t\t\t<div class=\"elementor-spacer\">\n\t\t\t<div class=\"elementor-spacer-inner\"><\/div>\n\t\t<\/div>\n\t\t\t\t\t\t<\/div>\n\t\t\t\t<\/div>\n\t\t\t\t<div class=\"elementor-element elementor-element-21c0a741 animated-fast elementor-invisible elementor-widget elementor-widget-heading\" data-id=\"21c0a741\" data-element_type=\"widget\" data-e-type=\"widget\" data-settings=\"{&quot;_animation&quot;:&quot;slideInDown&quot;,&quot;_animation_delay&quot;:950}\" data-widget_type=\"heading.default\">\n\t\t\t\t<div class=\"elementor-widget-container\">\n\t\t\t\t\t<h2 class=\"elementor-heading-title elementor-size-default\">Check all our services<\/h2>\t\t\t\t<\/div>\n\t\t\t\t<\/div>\n\t\t\t\t\t<\/div>\n\t\t\t\t<\/div>\n\t\t<div class=\"elementor-element elementor-element-798ec898 e-flex e-con-boxed e-con e-child\" data-id=\"798ec898\" data-element_type=\"container\" data-e-type=\"container\">\n\t\t\t\t\t<div class=\"e-con-inner\">\n\t\t<div class=\"elementor-element elementor-element-655a0506 e-flex e-con-boxed e-con e-child\" data-id=\"655a0506\" data-element_type=\"container\" data-e-type=\"container\">\n\t\t\t\t\t<div class=\"e-con-inner\">\n\t\t\t\t<div class=\"elementor-element elementor-element-7028d09e elementor-widget__width-initial elementor-widget-mobile__width-inherit elementor-cta--skin-classic elementor-animated-content elementor-widget elementor-widget-call-to-action\" data-id=\"7028d09e\" data-element_type=\"widget\" data-e-type=\"widget\" data-widget_type=\"call-to-action.default\">\n\t\t\t\t<div class=\"elementor-widget-container\">\n\t\t\t\t\t\t\t<div class=\"elementor-cta\">\n\t\t\t\t\t\t\t<div class=\"elementor-cta__content\">\n\t\t\t\t\t\t\t\t\t<div class=\"elementor-content-item elementor-cta__content-item elementor-cta__image\">\n\t\t\t\t\t\t<img fetchpriority=\"high\" decoding=\"async\" width=\"256\" height=\"256\" src=\"https:\/\/www.afilsa.es\/wp-content\/uploads\/2024\/04\/Cheklist.png\" class=\"attachment-full size-full wp-image-457\" alt=\"AFILSA - Icon\" srcset=\"https:\/\/www.afilsa.es\/wp-content\/uploads\/2024\/04\/Cheklist.png 256w, https:\/\/www.afilsa.es\/wp-content\/uploads\/2024\/04\/Cheklist-150x150.png 150w, https:\/\/www.afilsa.es\/wp-content\/uploads\/2024\/04\/Cheklist-12x12.png 12w\" sizes=\"(max-width: 256px) 100vw, 256px\" \/>\t\t\t\t\t<\/div>\n\t\t\t\t\n\t\t\t\t\t\t\t\t\t<h3 class=\"elementor-cta__title elementor-cta__content-item elementor-content-item\">\n\t\t\t\t\t\tLabor law\t\t\t\t\t<\/h3>\n\t\t\t\t\n\t\t\t\t\n\t\t\t\t\t\t\t\t\t<div class=\"elementor-cta__button-wrapper elementor-cta__content-item elementor-content-item\">\n\t\t\t\t\t<a class=\"elementor-cta__button elementor-button elementor-size-\" href=\"https:\/\/www.afilsa.es\/en\/labor-law-experts\/\">\n\t\t\t\t\t\tMore information\t\t\t\t\t<\/a>\n\t\t\t\t\t<\/div>\n\t\t\t\t\t\t\t<\/div>\n\t\t\t\t\t\t<\/div>\n\t\t\t\t\t\t<\/div>\n\t\t\t\t<\/div>\n\t\t\t\t<div class=\"elementor-element elementor-element-75d9a3ca elementor-widget__width-initial elementor-widget-mobile__width-inherit elementor-cta--skin-classic elementor-animated-content elementor-widget elementor-widget-call-to-action\" data-id=\"75d9a3ca\" data-element_type=\"widget\" data-e-type=\"widget\" data-widget_type=\"call-to-action.default\">\n\t\t\t\t<div class=\"elementor-widget-container\">\n\t\t\t\t\t\t\t<div class=\"elementor-cta\">\n\t\t\t\t\t\t\t<div class=\"elementor-cta__content\">\n\t\t\t\t\t\t\t\t\t<div class=\"elementor-content-item elementor-cta__content-item elementor-cta__image\">\n\t\t\t\t\t\t<img decoding=\"async\" width=\"150\" height=\"150\" src=\"https:\/\/www.afilsa.es\/wp-content\/uploads\/2024\/04\/Balance-150x150.png\" class=\"attachment-thumbnail size-thumbnail wp-image-458\" alt=\"AFILSA - Icon\" srcset=\"https:\/\/www.afilsa.es\/wp-content\/uploads\/2024\/04\/Balance-150x150.png 150w, https:\/\/www.afilsa.es\/wp-content\/uploads\/2024\/04\/Balance-12x12.png 12w, https:\/\/www.afilsa.es\/wp-content\/uploads\/2024\/04\/Balance.png 256w\" sizes=\"(max-width: 150px) 100vw, 150px\" \/>\t\t\t\t\t<\/div>\n\t\t\t\t\n\t\t\t\t\t\t\t\t\t<h3 class=\"elementor-cta__title elementor-cta__content-item elementor-content-item\">\n\t\t\t\t\t\tTax and accounting\t\t\t\t\t<\/h3>\n\t\t\t\t\n\t\t\t\t\n\t\t\t\t\t\t\t\t\t<div class=\"elementor-cta__button-wrapper elementor-cta__content-item elementor-content-item\">\n\t\t\t\t\t<a class=\"elementor-cta__button elementor-button elementor-size-\" href=\"https:\/\/www.afilsa.es\/en\/tax-and-accounting-advice\/\">\n\t\t\t\t\t\tMore information\t\t\t\t\t<\/a>\n\t\t\t\t\t<\/div>\n\t\t\t\t\t\t\t<\/div>\n\t\t\t\t\t\t<\/div>\n\t\t\t\t\t\t<\/div>\n\t\t\t\t<\/div>\n\t\t\t\t<div class=\"elementor-element elementor-element-2fb14696 elementor-widget__width-initial elementor-widget-mobile__width-inherit elementor-cta--skin-classic elementor-animated-content elementor-widget elementor-widget-call-to-action\" data-id=\"2fb14696\" data-element_type=\"widget\" data-e-type=\"widget\" data-widget_type=\"call-to-action.default\">\n\t\t\t\t<div class=\"elementor-widget-container\">\n\t\t\t\t\t\t\t<div class=\"elementor-cta\">\n\t\t\t\t\t\t\t<div class=\"elementor-cta__content\">\n\t\t\t\t\t\t\t\t\t<div class=\"elementor-content-item elementor-cta__content-item elementor-cta__image\">\n\t\t\t\t\t\t<img decoding=\"async\" width=\"150\" height=\"150\" src=\"https:\/\/www.afilsa.es\/wp-content\/uploads\/2024\/04\/Abacus-150x150.png\" class=\"attachment-thumbnail size-thumbnail wp-image-459\" alt=\"AFILSA - Icon\" srcset=\"https:\/\/www.afilsa.es\/wp-content\/uploads\/2024\/04\/Abacus-150x150.png 150w, https:\/\/www.afilsa.es\/wp-content\/uploads\/2024\/04\/Abacus-12x12.png 12w, https:\/\/www.afilsa.es\/wp-content\/uploads\/2024\/04\/Abacus.png 256w\" sizes=\"(max-width: 150px) 100vw, 150px\" \/>\t\t\t\t\t<\/div>\n\t\t\t\t\n\t\t\t\t\t\t\t\t\t<h3 class=\"elementor-cta__title elementor-cta__content-item elementor-content-item\">\n\t\t\t\t\t\tAsesoria empresas\t\t\t\t\t<\/h3>\n\t\t\t\t\n\t\t\t\t\n\t\t\t\t\t\t\t\t\t<div class=\"elementor-cta__button-wrapper elementor-cta__content-item elementor-content-item\">\n\t\t\t\t\t<a class=\"elementor-cta__button elementor-button elementor-size-\" href=\"https:\/\/www.afilsa.es\/en\/asesoria-para-empresas\/\">\n\t\t\t\t\t\tMore information\t\t\t\t\t<\/a>\n\t\t\t\t\t<\/div>\n\t\t\t\t\t\t\t<\/div>\n\t\t\t\t\t\t<\/div>\n\t\t\t\t\t\t<\/div>\n\t\t\t\t<\/div>\n\t\t\t\t<div class=\"elementor-element elementor-element-7c46f77b elementor-widget__width-initial elementor-widget-mobile__width-inherit elementor-cta--skin-classic elementor-animated-content elementor-widget elementor-widget-call-to-action\" data-id=\"7c46f77b\" data-element_type=\"widget\" data-e-type=\"widget\" data-widget_type=\"call-to-action.default\">\n\t\t\t\t<div class=\"elementor-widget-container\">\n\t\t\t\t\t\t\t<div class=\"elementor-cta\">\n\t\t\t\t\t\t\t<div class=\"elementor-cta__content\">\n\t\t\t\t\t\t\t\t\t<div class=\"elementor-content-item elementor-cta__content-item elementor-cta__image\">\n\t\t\t\t\t\t<img loading=\"lazy\" decoding=\"async\" width=\"150\" height=\"150\" src=\"https:\/\/www.afilsa.es\/wp-content\/uploads\/2024\/04\/Cheklist-150x150.png\" class=\"attachment-thumbnail size-thumbnail wp-image-457\" alt=\"AFILSA - Icon\" srcset=\"https:\/\/www.afilsa.es\/wp-content\/uploads\/2024\/04\/Cheklist-150x150.png 150w, https:\/\/www.afilsa.es\/wp-content\/uploads\/2024\/04\/Cheklist-12x12.png 12w, https:\/\/www.afilsa.es\/wp-content\/uploads\/2024\/04\/Cheklist.png 256w\" sizes=\"(max-width: 150px) 100vw, 150px\" \/>\t\t\t\t\t<\/div>\n\t\t\t\t\n\t\t\t\t\t\t\t\t\t<h3 class=\"elementor-cta__title elementor-cta__content-item elementor-content-item\">\n\t\t\t\t\t\tSelf-employed advice\t\t\t\t\t<\/h3>\n\t\t\t\t\n\t\t\t\t\n\t\t\t\t\t\t\t\t\t<div class=\"elementor-cta__button-wrapper elementor-cta__content-item elementor-content-item\">\n\t\t\t\t\t<a class=\"elementor-cta__button elementor-button elementor-size-\" href=\"https:\/\/www.afilsa.es\/en\/advice-for-self-employed\/\">\n\t\t\t\t\t\tMore information\t\t\t\t\t<\/a>\n\t\t\t\t\t<\/div>\n\t\t\t\t\t\t\t<\/div>\n\t\t\t\t\t\t<\/div>\n\t\t\t\t\t\t<\/div>\n\t\t\t\t<\/div>\n\t\t\t\t<div class=\"elementor-element elementor-element-7f6c3ace elementor-widget__width-initial elementor-widget-mobile__width-inherit elementor-cta--skin-classic elementor-animated-content elementor-widget elementor-widget-call-to-action\" data-id=\"7f6c3ace\" data-element_type=\"widget\" data-e-type=\"widget\" data-widget_type=\"call-to-action.default\">\n\t\t\t\t<div class=\"elementor-widget-container\">\n\t\t\t\t\t\t\t<div class=\"elementor-cta\">\n\t\t\t\t\t\t\t<div class=\"elementor-cta__content\">\n\t\t\t\t\t\t\t\t\t<div class=\"elementor-content-item elementor-cta__content-item elementor-cta__image\">\n\t\t\t\t\t\t<img loading=\"lazy\" decoding=\"async\" width=\"150\" height=\"150\" src=\"https:\/\/www.afilsa.es\/wp-content\/uploads\/2024\/04\/Idea-150x150.png\" class=\"attachment-thumbnail size-thumbnail wp-image-461\" alt=\"AFILSA - Icon\" srcset=\"https:\/\/www.afilsa.es\/wp-content\/uploads\/2024\/04\/Idea-150x150.png 150w, https:\/\/www.afilsa.es\/wp-content\/uploads\/2024\/04\/Idea-12x12.png 12w, https:\/\/www.afilsa.es\/wp-content\/uploads\/2024\/04\/Idea.png 256w\" sizes=\"(max-width: 150px) 100vw, 150px\" \/>\t\t\t\t\t<\/div>\n\t\t\t\t\n\t\t\t\t\t\t\t\t\t<h3 class=\"elementor-cta__title elementor-cta__content-item elementor-content-item\">\n\t\t\t\t\t\tOther services\t\t\t\t\t<\/h3>\n\t\t\t\t\n\t\t\t\t\n\t\t\t\t\t\t\t\t\t<div class=\"elementor-cta__button-wrapper elementor-cta__content-item elementor-content-item\">\n\t\t\t\t\t<a class=\"elementor-cta__button elementor-button elementor-size-\" href=\"https:\/\/www.afilsa.es\/en\/other-legal-services\/\">\n\t\t\t\t\t\tMore information\t\t\t\t\t<\/a>\n\t\t\t\t\t<\/div>\n\t\t\t\t\t\t\t<\/div>\n\t\t\t\t\t\t<\/div>\n\t\t\t\t\t\t<\/div>\n\t\t\t\t<\/div>\n\t\t\t\t\t<\/div>\n\t\t\t\t<\/div>\n\t\t\t\t\t<\/div>\n\t\t\t\t<\/div>\n\t\t\t\t\t<\/div>\n\t\t\t\t<\/div>\n\t\t<div class=\"elementor-element elementor-element-759b48f6 e-flex e-con-boxed e-con e-parent\" data-id=\"759b48f6\" data-element_type=\"container\" data-e-type=\"container\" data-settings=\"{&quot;background_background&quot;:&quot;classic&quot;}\">\n\t\t\t\t\t<div class=\"e-con-inner\">\n\t\t<div class=\"elementor-element elementor-element-62e3041e e-flex e-con-boxed e-con e-child\" data-id=\"62e3041e\" data-element_type=\"container\" data-e-type=\"container\">\n\t\t\t\t\t<div class=\"e-con-inner\">\n\t\t\t\t<div class=\"elementor-element elementor-element-5417c7b3 elementor-widget__width-initial elementor-widget-tablet__width-initial elementor-widget-mobile__width-inherit elementor-widget elementor-widget-heading\" data-id=\"5417c7b3\" data-element_type=\"widget\" data-e-type=\"widget\" data-widget_type=\"heading.default\">\n\t\t\t\t<div class=\"elementor-widget-container\">\n\t\t\t\t\t<h2 class=\"elementor-heading-title elementor-size-default\">Let us help you<\/h2>\t\t\t\t<\/div>\n\t\t\t\t<\/div>\n\t\t\t\t<div class=\"elementor-element elementor-element-6ddad515 elementor-widget__width-initial elementor-widget-mobile__width-inherit elementor-widget-tablet__width-initial elementor-widget elementor-widget-text-editor\" data-id=\"6ddad515\" data-element_type=\"widget\" data-e-type=\"widget\" data-widget_type=\"text-editor.default\">\n\t\t\t\t<div class=\"elementor-widget-container\">\n\t\t\t\t\t\t\t\t\t<p>Are you looking for comprehensive advisory and management services for your company or as an individual? At AFILSA we are here to help you. With more than 30 years of experience, our highly qualified team is ready to offer you effective and reliable solutions. Contact us today to learn more!<\/p>\t\t\t\t\t\t\t\t<\/div>\n\t\t\t\t<\/div>\n\t\t\t\t<div class=\"elementor-element elementor-element-4b87426a elementor-widget elementor-widget-button\" data-id=\"4b87426a\" data-element_type=\"widget\" data-e-type=\"widget\" data-widget_type=\"button.default\">\n\t\t\t\t<div class=\"elementor-widget-container\">\n\t\t\t\t\t\t\t\t\t<div class=\"elementor-button-wrapper\">\n\t\t\t\t\t<a class=\"elementor-button elementor-button-link elementor-size-md\" href=\"https:\/\/www.afilsa.es\/en\/contact\/\">\n\t\t\t\t\t\t<span class=\"elementor-button-content-wrapper\">\n\t\t\t\t\t\t\t\t\t<span class=\"elementor-button-text\">Contact<\/span>\n\t\t\t\t\t<\/span>\n\t\t\t\t\t<\/a>\n\t\t\t\t<\/div>\n\t\t\t\t\t\t\t\t<\/div>\n\t\t\t\t<\/div>\n\t\t\t\t\t<\/div>\n\t\t\t\t<\/div>\n\t\t\t\t\t<\/div>\n\t\t\t\t<\/div>\n\t\t\t\t<\/div>","protected":false},"excerpt":{"rendered":"<p>Aut\u00f3nomos Asesor\u00eda y contabilidad de aut\u00f3nomos en Valencia Muchos de los emprendedores que comienzan su andadura en el mundo laboral abri\u00e9ndose paso entre las grandes o medianas empresas son aut\u00f3nomos. Para que sus negocios tomen la forma y el rumbo deseado a su vez que cumplen con la legislaci\u00f3n establecida, es conveniente que cuenten con [&hellip;]<\/p>\n","protected":false},"author":1,"featured_media":0,"parent":0,"menu_order":7,"comment_status":"closed","ping_status":"closed","template":"","meta":{"_joinchat":[],"footnotes":""},"class_list":["post-417","page","type-page","status-publish","hentry"],"yoast_head":"<!-- This site is optimized with the Yoast SEO plugin v27.4 - https:\/\/yoast.com\/product\/yoast-seo-wordpress\/ -->\n<title>Asesor\u00eda para aut\u00f3nomos - AFILSA<\/title>\n<meta name=\"description\" content=\"Servicios especializados para aut\u00f3nomos. Desde impuestos y contratos hasta gesti\u00f3n de la Seguridad Social.\" \/>\n<meta name=\"robots\" content=\"index, follow, max-snippet:-1, max-image-preview:large, max-video-preview:-1\" \/>\n<link rel=\"canonical\" href=\"https:\/\/www.afilsa.es\/en\/advice-for-self-employed\/\" \/>\n<meta property=\"og:locale\" content=\"en_US\" \/>\n<meta property=\"og:type\" content=\"article\" \/>\n<meta property=\"og:title\" content=\"Asesor\u00eda para aut\u00f3nomos - AFILSA\" \/>\n<meta property=\"og:description\" content=\"Servicios especializados para aut\u00f3nomos. Desde impuestos y contratos hasta gesti\u00f3n de la Seguridad Social.\" \/>\n<meta property=\"og:url\" content=\"https:\/\/www.afilsa.es\/en\/advice-for-self-employed\/\" \/>\n<meta property=\"og:site_name\" content=\"AFILSA\" \/>\n<meta property=\"article:modified_time\" content=\"2025-11-20T07:51:14+00:00\" \/>\n<meta property=\"og:image\" content=\"https:\/\/www.afilsa.es\/wp-content\/uploads\/2024\/04\/Cheklist.png\" \/>\n\t<meta property=\"og:image:width\" content=\"256\" \/>\n\t<meta property=\"og:image:height\" content=\"256\" \/>\n\t<meta property=\"og:image:type\" content=\"image\/png\" \/>\n<meta name=\"twitter:card\" content=\"summary_large_image\" \/>\n<script type=\"application\/ld+json\" class=\"yoast-schema-graph\">{\"@context\":\"https:\\\/\\\/schema.org\",\"@graph\":[{\"@type\":\"WebPage\",\"@id\":\"https:\\\/\\\/www.afilsa.es\\\/asesoria-para-autonomos\\\/\",\"url\":\"https:\\\/\\\/www.afilsa.es\\\/asesoria-para-autonomos\\\/\",\"name\":\"Asesor\u00eda para aut\u00f3nomos - AFILSA\",\"isPartOf\":{\"@id\":\"https:\\\/\\\/www.afilsa.es\\\/#website\"},\"primaryImageOfPage\":{\"@id\":\"https:\\\/\\\/www.afilsa.es\\\/asesoria-para-autonomos\\\/#primaryimage\"},\"image\":{\"@id\":\"https:\\\/\\\/www.afilsa.es\\\/asesoria-para-autonomos\\\/#primaryimage\"},\"thumbnailUrl\":\"https:\\\/\\\/www.afilsa.es\\\/wp-content\\\/uploads\\\/2024\\\/04\\\/Cheklist.png\",\"datePublished\":\"2024-04-03T09:31:47+00:00\",\"dateModified\":\"2025-11-20T07:51:14+00:00\",\"description\":\"Servicios especializados para aut\u00f3nomos. Desde impuestos y contratos hasta gesti\u00f3n de la Seguridad Social.\",\"breadcrumb\":{\"@id\":\"https:\\\/\\\/www.afilsa.es\\\/asesoria-para-autonomos\\\/#breadcrumb\"},\"inLanguage\":\"en-US\",\"potentialAction\":[{\"@type\":\"ReadAction\",\"target\":[\"https:\\\/\\\/www.afilsa.es\\\/asesoria-para-autonomos\\\/\"]}]},{\"@type\":\"ImageObject\",\"inLanguage\":\"en-US\",\"@id\":\"https:\\\/\\\/www.afilsa.es\\\/asesoria-para-autonomos\\\/#primaryimage\",\"url\":\"https:\\\/\\\/www.afilsa.es\\\/wp-content\\\/uploads\\\/2024\\\/04\\\/Cheklist.png\",\"contentUrl\":\"https:\\\/\\\/www.afilsa.es\\\/wp-content\\\/uploads\\\/2024\\\/04\\\/Cheklist.png\"},{\"@type\":\"BreadcrumbList\",\"@id\":\"https:\\\/\\\/www.afilsa.es\\\/asesoria-para-autonomos\\\/#breadcrumb\",\"itemListElement\":[{\"@type\":\"ListItem\",\"position\":1,\"name\":\"Inicio\",\"item\":\"https:\\\/\\\/www.afilsa.es\\\/\"},{\"@type\":\"ListItem\",\"position\":2,\"name\":\"Asesor\u00eda para aut\u00f3nomos\"}]},{\"@type\":\"WebSite\",\"@id\":\"https:\\\/\\\/www.afilsa.es\\\/#website\",\"url\":\"https:\\\/\\\/www.afilsa.es\\\/\",\"name\":\"AFILSA\",\"description\":\"Asesor\u00eda fiscal, laboral, contable y jur\u00eddico\",\"publisher\":{\"@id\":\"https:\\\/\\\/www.afilsa.es\\\/#organization\"},\"potentialAction\":[{\"@type\":\"SearchAction\",\"target\":{\"@type\":\"EntryPoint\",\"urlTemplate\":\"https:\\\/\\\/www.afilsa.es\\\/?s={search_term_string}\"},\"query-input\":{\"@type\":\"PropertyValueSpecification\",\"valueRequired\":true,\"valueName\":\"search_term_string\"}}],\"inLanguage\":\"en-US\"},{\"@type\":\"Organization\",\"@id\":\"https:\\\/\\\/www.afilsa.es\\\/#organization\",\"name\":\"AFILSA\",\"url\":\"https:\\\/\\\/www.afilsa.es\\\/\",\"logo\":{\"@type\":\"ImageObject\",\"inLanguage\":\"en-US\",\"@id\":\"https:\\\/\\\/www.afilsa.es\\\/#\\\/schema\\\/logo\\\/image\\\/\",\"url\":\"https:\\\/\\\/www.afilsa.es\\\/wp-content\\\/uploads\\\/2024\\\/04\\\/AFILSA.png\",\"contentUrl\":\"https:\\\/\\\/www.afilsa.es\\\/wp-content\\\/uploads\\\/2024\\\/04\\\/AFILSA.png\",\"width\":1985,\"height\":1200,\"caption\":\"AFILSA\"},\"image\":{\"@id\":\"https:\\\/\\\/www.afilsa.es\\\/#\\\/schema\\\/logo\\\/image\\\/\"}}]}<\/script>\n<!-- \/ Yoast SEO plugin. -->","yoast_head_json":{"title":"Advice for self-employed people - AFILSA","description":"Specialized services for the self-employed. From taxes and contracts to Social Security management.","robots":{"index":"index","follow":"follow","max-snippet":"max-snippet:-1","max-image-preview":"max-image-preview:large","max-video-preview":"max-video-preview:-1"},"canonical":"https:\/\/www.afilsa.es\/en\/advice-for-self-employed\/","og_locale":"en_US","og_type":"article","og_title":"Asesor\u00eda para aut\u00f3nomos - AFILSA","og_description":"Servicios especializados para aut\u00f3nomos. Desde impuestos y contratos hasta gesti\u00f3n de la Seguridad Social.","og_url":"https:\/\/www.afilsa.es\/en\/advice-for-self-employed\/","og_site_name":"AFILSA","article_modified_time":"2025-11-20T07:51:14+00:00","og_image":[{"width":256,"height":256,"url":"https:\/\/www.afilsa.es\/wp-content\/uploads\/2024\/04\/Cheklist.png","type":"image\/png"}],"twitter_card":"summary_large_image","schema":{"@context":"https:\/\/schema.org","@graph":[{"@type":"WebPage","@id":"https:\/\/www.afilsa.es\/asesoria-para-autonomos\/","url":"https:\/\/www.afilsa.es\/asesoria-para-autonomos\/","name":"Advice for self-employed people - AFILSA","isPartOf":{"@id":"https:\/\/www.afilsa.es\/#website"},"primaryImageOfPage":{"@id":"https:\/\/www.afilsa.es\/asesoria-para-autonomos\/#primaryimage"},"image":{"@id":"https:\/\/www.afilsa.es\/asesoria-para-autonomos\/#primaryimage"},"thumbnailUrl":"https:\/\/www.afilsa.es\/wp-content\/uploads\/2024\/04\/Cheklist.png","datePublished":"2024-04-03T09:31:47+00:00","dateModified":"2025-11-20T07:51:14+00:00","description":"Specialized services for the self-employed. From taxes and contracts to Social Security management.","breadcrumb":{"@id":"https:\/\/www.afilsa.es\/asesoria-para-autonomos\/#breadcrumb"},"inLanguage":"en-US","potentialAction":[{"@type":"ReadAction","target":["https:\/\/www.afilsa.es\/asesoria-para-autonomos\/"]}]},{"@type":"ImageObject","inLanguage":"en-US","@id":"https:\/\/www.afilsa.es\/asesoria-para-autonomos\/#primaryimage","url":"https:\/\/www.afilsa.es\/wp-content\/uploads\/2024\/04\/Cheklist.png","contentUrl":"https:\/\/www.afilsa.es\/wp-content\/uploads\/2024\/04\/Cheklist.png"},{"@type":"BreadcrumbList","@id":"https:\/\/www.afilsa.es\/asesoria-para-autonomos\/#breadcrumb","itemListElement":[{"@type":"ListItem","position":1,"name":"Inicio","item":"https:\/\/www.afilsa.es\/"},{"@type":"ListItem","position":2,"name":"Asesor\u00eda para aut\u00f3nomos"}]},{"@type":"WebSite","@id":"https:\/\/www.afilsa.es\/#website","url":"https:\/\/www.afilsa.es\/","name":"AFILSA","description":"Tax, labor, accounting and legal advice","publisher":{"@id":"https:\/\/www.afilsa.es\/#organization"},"potentialAction":[{"@type":"SearchAction","target":{"@type":"EntryPoint","urlTemplate":"https:\/\/www.afilsa.es\/?s={search_term_string}"},"query-input":{"@type":"PropertyValueSpecification","valueRequired":true,"valueName":"search_term_string"}}],"inLanguage":"en-US"},{"@type":"Organization","@id":"https:\/\/www.afilsa.es\/#organization","name":"AFILSA","url":"https:\/\/www.afilsa.es\/","logo":{"@type":"ImageObject","inLanguage":"en-US","@id":"https:\/\/www.afilsa.es\/#\/schema\/logo\/image\/","url":"https:\/\/www.afilsa.es\/wp-content\/uploads\/2024\/04\/AFILSA.png","contentUrl":"https:\/\/www.afilsa.es\/wp-content\/uploads\/2024\/04\/AFILSA.png","width":1985,"height":1200,"caption":"AFILSA"},"image":{"@id":"https:\/\/www.afilsa.es\/#\/schema\/logo\/image\/"}}]}},"_links":{"self":[{"href":"https:\/\/www.afilsa.es\/en\/wp-json\/wp\/v2\/pages\/417","targetHints":{"allow":["GET"]}}],"collection":[{"href":"https:\/\/www.afilsa.es\/en\/wp-json\/wp\/v2\/pages"}],"about":[{"href":"https:\/\/www.afilsa.es\/en\/wp-json\/wp\/v2\/types\/page"}],"author":[{"embeddable":true,"href":"https:\/\/www.afilsa.es\/en\/wp-json\/wp\/v2\/users\/1"}],"replies":[{"embeddable":true,"href":"https:\/\/www.afilsa.es\/en\/wp-json\/wp\/v2\/comments?post=417"}],"version-history":[{"count":27,"href":"https:\/\/www.afilsa.es\/en\/wp-json\/wp\/v2\/pages\/417\/revisions"}],"predecessor-version":[{"id":1380,"href":"https:\/\/www.afilsa.es\/en\/wp-json\/wp\/v2\/pages\/417\/revisions\/1380"}],"wp:attachment":[{"href":"https:\/\/www.afilsa.es\/en\/wp-json\/wp\/v2\/media?parent=417"}],"curies":[{"name":"wp","href":"https:\/\/api.w.org\/{rel}","templated":true}]}}