{"id":421,"date":"2024-04-03T11:32:22","date_gmt":"2024-04-03T09:32:22","guid":{"rendered":"https:\/\/www.afilsa.es\/?page_id=421"},"modified":"2025-11-20T08:53:11","modified_gmt":"2025-11-20T07:53:11","slug":"tax-and-accounting-advice","status":"publish","type":"page","link":"https:\/\/www.afilsa.es\/en\/asesoria-fiscal-y-contable\/","title":{"rendered":"Tax and accounting advice"},"content":{"rendered":"<div data-elementor-type=\"wp-page\" data-elementor-id=\"421\" class=\"elementor elementor-421\" data-elementor-post-type=\"page\">\n\t\t\t\t<div class=\"elementor-element elementor-element-19df2f05 e-con-full e-flex e-con e-parent\" data-id=\"19df2f05\" data-element_type=\"container\" data-e-type=\"container\" data-settings=\"{&quot;background_background&quot;:&quot;classic&quot;}\">\n\t\t<div class=\"elementor-element elementor-element-453a5711 e-con-full e-flex e-con e-child\" data-id=\"453a5711\" data-element_type=\"container\" data-e-type=\"container\">\n\t\t\t\t<div class=\"elementor-element elementor-element-5cdc1a06 elementor-widget elementor-widget-heading\" data-id=\"5cdc1a06\" data-element_type=\"widget\" data-e-type=\"widget\" data-widget_type=\"heading.default\">\n\t\t\t\t<div class=\"elementor-widget-container\">\n\t\t\t\t\t<h1 class=\"elementor-heading-title elementor-size-default\">Tax and accounting advice<\/h1>\t\t\t\t<\/div>\n\t\t\t\t<\/div>\n\t\t\t\t<\/div>\n\t\t\t\t<\/div>\n\t\t<div class=\"elementor-element elementor-element-22d345e3 e-flex e-con-boxed e-con e-parent\" data-id=\"22d345e3\" data-element_type=\"container\" data-e-type=\"container\" data-settings=\"{&quot;background_background&quot;:&quot;gradient&quot;}\">\n\t\t\t\t\t<div class=\"e-con-inner\">\n\t\t\t\t<div class=\"elementor-element elementor-element-bfa3a9 elementor-widget elementor-widget-heading\" data-id=\"bfa3a9\" data-element_type=\"widget\" data-e-type=\"widget\" data-widget_type=\"heading.default\">\n\t\t\t\t<div class=\"elementor-widget-container\">\n\t\t\t\t\t<div class=\"elementor-heading-title elementor-size-default\">Tax and accounting<\/div>\t\t\t\t<\/div>\n\t\t\t\t<\/div>\n\t\t\t\t<div class=\"elementor-element elementor-element-f6de61c animated-fast elementor-invisible elementor-widget elementor-widget-heading\" data-id=\"f6de61c\" data-element_type=\"widget\" data-e-type=\"widget\" data-settings=\"{&quot;_animation&quot;:&quot;slideInDown&quot;,&quot;_animation_delay&quot;:950}\" data-widget_type=\"heading.default\">\n\t\t\t\t<div class=\"elementor-widget-container\">\n\t\t\t\t\t<h2 class=\"elementor-heading-title elementor-size-default\">We help you with your tax obligations<\/h2>\t\t\t\t<\/div>\n\t\t\t\t<\/div>\n\t\t\t\t<div class=\"elementor-element elementor-element-4946bff3 elementor-widget elementor-widget-text-editor\" data-id=\"4946bff3\" data-element_type=\"widget\" data-e-type=\"widget\" data-widget_type=\"text-editor.default\">\n\t\t\t\t<div class=\"elementor-widget-container\">\n\t\t\t\t\t\t\t\t\t<p>As directors of a company or being self-employed in our own business, we have the obligation and legal responsibility to present our tax settlements and both quarterly personal income tax returns and the annual income tax return.<\/p><p>These procedures require knowledge of current legislation and time that self-employed people or businessmen, as taxpayers, do not have, and the best solution to avoid errors of any kind is always to request the services of professional tax and labor advice.<\/p><p>In our consultancy in Manises, we have tax and labor professionals, applying rates adapted to the client&#039;s needs.<\/p><p>Among other procedures, we offer the following services: preparation of income and assets declarations, quarterly personal income tax declarations, tax planning, Census declaration model 036 for registration with the Treasury, VAT declarations, annual summaries, preparation of informative declarations 347 and 184.<\/p><p>Tax management is a fundamental part of our business, making periodic preparations of VAT, specifically model 303, as well as personal income tax and withholdings (form 130, 115 and model 111). Also all types of information returns corresponding to forms 347 and 349 and the corporate tax return (form 200).<\/p>\t\t\t\t\t\t\t\t<\/div>\n\t\t\t\t<\/div>\n\t\t\t\t\t<\/div>\n\t\t\t\t<\/div>\n\t\t<div class=\"elementor-element elementor-element-8258c22 e-flex e-con-boxed e-con e-parent\" data-id=\"8258c22\" data-element_type=\"container\" data-e-type=\"container\" data-settings=\"{&quot;background_background&quot;:&quot;classic&quot;}\">\n\t\t\t\t\t<div class=\"e-con-inner\">\n\t\t<div class=\"elementor-element elementor-element-33a95fa0 e-flex e-con-boxed e-con e-child\" data-id=\"33a95fa0\" data-element_type=\"container\" data-e-type=\"container\">\n\t\t\t\t\t<div class=\"e-con-inner\">\n\t\t\t\t<div class=\"elementor-element elementor-element-487329db elementor-widget__width-initial animated-fast elementor-invisible elementor-widget elementor-widget-spacer\" data-id=\"487329db\" data-element_type=\"widget\" data-e-type=\"widget\" data-settings=\"{&quot;_animation&quot;:&quot;slideInLeft&quot;,&quot;_animation_delay&quot;:500}\" data-widget_type=\"spacer.default\">\n\t\t\t\t<div class=\"elementor-widget-container\">\n\t\t\t\t\t\t\t<div class=\"elementor-spacer\">\n\t\t\t<div class=\"elementor-spacer-inner\"><\/div>\n\t\t<\/div>\n\t\t\t\t\t\t<\/div>\n\t\t\t\t<\/div>\n\t\t\t\t<div class=\"elementor-element elementor-element-1754c878 animated-fast elementor-invisible elementor-widget elementor-widget-heading\" data-id=\"1754c878\" data-element_type=\"widget\" data-e-type=\"widget\" data-settings=\"{&quot;_animation&quot;:&quot;slideInDown&quot;,&quot;_animation_delay&quot;:950}\" data-widget_type=\"heading.default\">\n\t\t\t\t<div class=\"elementor-widget-container\">\n\t\t\t\t\t<h2 class=\"elementor-heading-title elementor-size-default\">Check all our services<\/h2>\t\t\t\t<\/div>\n\t\t\t\t<\/div>\n\t\t\t\t\t<\/div>\n\t\t\t\t<\/div>\n\t\t<div class=\"elementor-element elementor-element-303c4d91 e-flex e-con-boxed e-con e-child\" data-id=\"303c4d91\" data-element_type=\"container\" data-e-type=\"container\">\n\t\t\t\t\t<div class=\"e-con-inner\">\n\t\t<div class=\"elementor-element elementor-element-730643a0 e-flex e-con-boxed e-con e-child\" data-id=\"730643a0\" data-element_type=\"container\" data-e-type=\"container\">\n\t\t\t\t\t<div class=\"e-con-inner\">\n\t\t\t\t<div class=\"elementor-element elementor-element-50dcae35 elementor-widget__width-initial elementor-widget-mobile__width-inherit elementor-cta--skin-classic elementor-animated-content elementor-widget elementor-widget-call-to-action\" data-id=\"50dcae35\" data-element_type=\"widget\" data-e-type=\"widget\" data-widget_type=\"call-to-action.default\">\n\t\t\t\t<div class=\"elementor-widget-container\">\n\t\t\t\t\t\t\t<div class=\"elementor-cta\">\n\t\t\t\t\t\t\t<div class=\"elementor-cta__content\">\n\t\t\t\t\t\t\t\t\t<div class=\"elementor-content-item elementor-cta__content-item elementor-cta__image\">\n\t\t\t\t\t\t<img fetchpriority=\"high\" decoding=\"async\" width=\"256\" height=\"256\" src=\"https:\/\/www.afilsa.es\/wp-content\/uploads\/2024\/04\/Cheklist.png\" class=\"attachment-full size-full wp-image-457\" alt=\"AFILSA - Icon\" srcset=\"https:\/\/www.afilsa.es\/wp-content\/uploads\/2024\/04\/Cheklist.png 256w, https:\/\/www.afilsa.es\/wp-content\/uploads\/2024\/04\/Cheklist-150x150.png 150w, https:\/\/www.afilsa.es\/wp-content\/uploads\/2024\/04\/Cheklist-12x12.png 12w\" sizes=\"(max-width: 256px) 100vw, 256px\" \/>\t\t\t\t\t<\/div>\n\t\t\t\t\n\t\t\t\t\t\t\t\t\t<h3 class=\"elementor-cta__title elementor-cta__content-item elementor-content-item\">\n\t\t\t\t\t\tLabor law\t\t\t\t\t<\/h3>\n\t\t\t\t\n\t\t\t\t\n\t\t\t\t\t\t\t\t\t<div class=\"elementor-cta__button-wrapper elementor-cta__content-item elementor-content-item\">\n\t\t\t\t\t<a class=\"elementor-cta__button elementor-button elementor-size-\" href=\"https:\/\/www.afilsa.es\/en\/labor-law-experts\/\">\n\t\t\t\t\t\tMore information\t\t\t\t\t<\/a>\n\t\t\t\t\t<\/div>\n\t\t\t\t\t\t\t<\/div>\n\t\t\t\t\t\t<\/div>\n\t\t\t\t\t\t<\/div>\n\t\t\t\t<\/div>\n\t\t\t\t<div class=\"elementor-element elementor-element-70641c8f elementor-widget__width-initial elementor-widget-mobile__width-inherit elementor-cta--skin-classic elementor-animated-content elementor-widget elementor-widget-call-to-action\" data-id=\"70641c8f\" data-element_type=\"widget\" data-e-type=\"widget\" data-widget_type=\"call-to-action.default\">\n\t\t\t\t<div class=\"elementor-widget-container\">\n\t\t\t\t\t\t\t<div class=\"elementor-cta\">\n\t\t\t\t\t\t\t<div class=\"elementor-cta__content\">\n\t\t\t\t\t\t\t\t\t<div class=\"elementor-content-item elementor-cta__content-item elementor-cta__image\">\n\t\t\t\t\t\t<img decoding=\"async\" width=\"150\" height=\"150\" src=\"https:\/\/www.afilsa.es\/wp-content\/uploads\/2024\/04\/Balance-150x150.png\" class=\"attachment-thumbnail size-thumbnail wp-image-458\" alt=\"AFILSA - Icon\" srcset=\"https:\/\/www.afilsa.es\/wp-content\/uploads\/2024\/04\/Balance-150x150.png 150w, https:\/\/www.afilsa.es\/wp-content\/uploads\/2024\/04\/Balance-12x12.png 12w, https:\/\/www.afilsa.es\/wp-content\/uploads\/2024\/04\/Balance.png 256w\" sizes=\"(max-width: 150px) 100vw, 150px\" \/>\t\t\t\t\t<\/div>\n\t\t\t\t\n\t\t\t\t\t\t\t\t\t<h3 class=\"elementor-cta__title elementor-cta__content-item elementor-content-item\">\n\t\t\t\t\t\tTax and accounting\t\t\t\t\t<\/h3>\n\t\t\t\t\n\t\t\t\t\n\t\t\t\t\t\t\t\t\t<div class=\"elementor-cta__button-wrapper elementor-cta__content-item elementor-content-item\">\n\t\t\t\t\t<a class=\"elementor-cta__button elementor-button elementor-size-\" href=\"https:\/\/www.afilsa.es\/en\/tax-and-accounting-advice\/\">\n\t\t\t\t\t\tMore information\t\t\t\t\t<\/a>\n\t\t\t\t\t<\/div>\n\t\t\t\t\t\t\t<\/div>\n\t\t\t\t\t\t<\/div>\n\t\t\t\t\t\t<\/div>\n\t\t\t\t<\/div>\n\t\t\t\t<div class=\"elementor-element elementor-element-4b382aa1 elementor-widget__width-initial elementor-widget-mobile__width-inherit elementor-cta--skin-classic elementor-animated-content elementor-widget elementor-widget-call-to-action\" data-id=\"4b382aa1\" data-element_type=\"widget\" data-e-type=\"widget\" data-widget_type=\"call-to-action.default\">\n\t\t\t\t<div class=\"elementor-widget-container\">\n\t\t\t\t\t\t\t<div class=\"elementor-cta\">\n\t\t\t\t\t\t\t<div class=\"elementor-cta__content\">\n\t\t\t\t\t\t\t\t\t<div class=\"elementor-content-item elementor-cta__content-item elementor-cta__image\">\n\t\t\t\t\t\t<img decoding=\"async\" width=\"150\" height=\"150\" src=\"https:\/\/www.afilsa.es\/wp-content\/uploads\/2024\/04\/Abacus-150x150.png\" class=\"attachment-thumbnail size-thumbnail wp-image-459\" alt=\"AFILSA - Icon\" srcset=\"https:\/\/www.afilsa.es\/wp-content\/uploads\/2024\/04\/Abacus-150x150.png 150w, https:\/\/www.afilsa.es\/wp-content\/uploads\/2024\/04\/Abacus-12x12.png 12w, https:\/\/www.afilsa.es\/wp-content\/uploads\/2024\/04\/Abacus.png 256w\" sizes=\"(max-width: 150px) 100vw, 150px\" \/>\t\t\t\t\t<\/div>\n\t\t\t\t\n\t\t\t\t\t\t\t\t\t<h3 class=\"elementor-cta__title elementor-cta__content-item elementor-content-item\">\n\t\t\t\t\t\tAsesoria empresas\t\t\t\t\t<\/h3>\n\t\t\t\t\n\t\t\t\t\n\t\t\t\t\t\t\t\t\t<div class=\"elementor-cta__button-wrapper elementor-cta__content-item elementor-content-item\">\n\t\t\t\t\t<a class=\"elementor-cta__button elementor-button elementor-size-\" href=\"https:\/\/www.afilsa.es\/en\/asesoria-para-empresas\/\">\n\t\t\t\t\t\tMore information\t\t\t\t\t<\/a>\n\t\t\t\t\t<\/div>\n\t\t\t\t\t\t\t<\/div>\n\t\t\t\t\t\t<\/div>\n\t\t\t\t\t\t<\/div>\n\t\t\t\t<\/div>\n\t\t\t\t<div class=\"elementor-element elementor-element-2b3d5c5c elementor-widget__width-initial elementor-widget-mobile__width-inherit elementor-cta--skin-classic elementor-animated-content elementor-widget elementor-widget-call-to-action\" data-id=\"2b3d5c5c\" data-element_type=\"widget\" data-e-type=\"widget\" data-widget_type=\"call-to-action.default\">\n\t\t\t\t<div class=\"elementor-widget-container\">\n\t\t\t\t\t\t\t<div class=\"elementor-cta\">\n\t\t\t\t\t\t\t<div class=\"elementor-cta__content\">\n\t\t\t\t\t\t\t\t\t<div class=\"elementor-content-item elementor-cta__content-item elementor-cta__image\">\n\t\t\t\t\t\t<img loading=\"lazy\" decoding=\"async\" width=\"150\" height=\"150\" src=\"https:\/\/www.afilsa.es\/wp-content\/uploads\/2024\/04\/Cheklist-150x150.png\" class=\"attachment-thumbnail size-thumbnail wp-image-457\" alt=\"AFILSA - Icon\" srcset=\"https:\/\/www.afilsa.es\/wp-content\/uploads\/2024\/04\/Cheklist-150x150.png 150w, https:\/\/www.afilsa.es\/wp-content\/uploads\/2024\/04\/Cheklist-12x12.png 12w, https:\/\/www.afilsa.es\/wp-content\/uploads\/2024\/04\/Cheklist.png 256w\" sizes=\"(max-width: 150px) 100vw, 150px\" \/>\t\t\t\t\t<\/div>\n\t\t\t\t\n\t\t\t\t\t\t\t\t\t<h3 class=\"elementor-cta__title elementor-cta__content-item elementor-content-item\">\n\t\t\t\t\t\tSelf-employed advice\t\t\t\t\t<\/h3>\n\t\t\t\t\n\t\t\t\t\n\t\t\t\t\t\t\t\t\t<div class=\"elementor-cta__button-wrapper elementor-cta__content-item elementor-content-item\">\n\t\t\t\t\t<a class=\"elementor-cta__button elementor-button elementor-size-\" href=\"https:\/\/www.afilsa.es\/en\/advice-for-self-employed\/\">\n\t\t\t\t\t\tMore information\t\t\t\t\t<\/a>\n\t\t\t\t\t<\/div>\n\t\t\t\t\t\t\t<\/div>\n\t\t\t\t\t\t<\/div>\n\t\t\t\t\t\t<\/div>\n\t\t\t\t<\/div>\n\t\t\t\t<div class=\"elementor-element elementor-element-23178189 elementor-widget__width-initial elementor-widget-mobile__width-inherit elementor-cta--skin-classic elementor-animated-content elementor-widget elementor-widget-call-to-action\" data-id=\"23178189\" data-element_type=\"widget\" data-e-type=\"widget\" data-widget_type=\"call-to-action.default\">\n\t\t\t\t<div class=\"elementor-widget-container\">\n\t\t\t\t\t\t\t<div class=\"elementor-cta\">\n\t\t\t\t\t\t\t<div class=\"elementor-cta__content\">\n\t\t\t\t\t\t\t\t\t<div class=\"elementor-content-item elementor-cta__content-item elementor-cta__image\">\n\t\t\t\t\t\t<img loading=\"lazy\" decoding=\"async\" width=\"150\" height=\"150\" src=\"https:\/\/www.afilsa.es\/wp-content\/uploads\/2024\/04\/Idea-150x150.png\" class=\"attachment-thumbnail size-thumbnail wp-image-461\" alt=\"AFILSA - Icon\" srcset=\"https:\/\/www.afilsa.es\/wp-content\/uploads\/2024\/04\/Idea-150x150.png 150w, https:\/\/www.afilsa.es\/wp-content\/uploads\/2024\/04\/Idea-12x12.png 12w, https:\/\/www.afilsa.es\/wp-content\/uploads\/2024\/04\/Idea.png 256w\" sizes=\"(max-width: 150px) 100vw, 150px\" \/>\t\t\t\t\t<\/div>\n\t\t\t\t\n\t\t\t\t\t\t\t\t\t<h3 class=\"elementor-cta__title elementor-cta__content-item elementor-content-item\">\n\t\t\t\t\t\tOther services\t\t\t\t\t<\/h3>\n\t\t\t\t\n\t\t\t\t\n\t\t\t\t\t\t\t\t\t<div class=\"elementor-cta__button-wrapper elementor-cta__content-item elementor-content-item\">\n\t\t\t\t\t<a class=\"elementor-cta__button elementor-button elementor-size-\" href=\"https:\/\/www.afilsa.es\/en\/other-legal-services\/\">\n\t\t\t\t\t\tMore information\t\t\t\t\t<\/a>\n\t\t\t\t\t<\/div>\n\t\t\t\t\t\t\t<\/div>\n\t\t\t\t\t\t<\/div>\n\t\t\t\t\t\t<\/div>\n\t\t\t\t<\/div>\n\t\t\t\t\t<\/div>\n\t\t\t\t<\/div>\n\t\t\t\t\t<\/div>\n\t\t\t\t<\/div>\n\t\t\t\t\t<\/div>\n\t\t\t\t<\/div>\n\t\t<div class=\"elementor-element elementor-element-ee30712 e-flex e-con-boxed e-con e-parent\" data-id=\"ee30712\" data-element_type=\"container\" data-e-type=\"container\" data-settings=\"{&quot;background_background&quot;:&quot;classic&quot;}\">\n\t\t\t\t\t<div class=\"e-con-inner\">\n\t\t<div class=\"elementor-element elementor-element-84b6c57 e-flex e-con-boxed e-con e-child\" data-id=\"84b6c57\" data-element_type=\"container\" data-e-type=\"container\">\n\t\t\t\t\t<div class=\"e-con-inner\">\n\t\t\t\t<div class=\"elementor-element elementor-element-590421c elementor-widget__width-initial elementor-widget-tablet__width-initial elementor-widget-mobile__width-inherit elementor-widget elementor-widget-heading\" data-id=\"590421c\" data-element_type=\"widget\" data-e-type=\"widget\" data-widget_type=\"heading.default\">\n\t\t\t\t<div class=\"elementor-widget-container\">\n\t\t\t\t\t<h2 class=\"elementor-heading-title elementor-size-default\">Let us help you<\/h2>\t\t\t\t<\/div>\n\t\t\t\t<\/div>\n\t\t\t\t<div class=\"elementor-element elementor-element-6c39e261 elementor-widget__width-initial elementor-widget-mobile__width-inherit elementor-widget-tablet__width-initial elementor-widget elementor-widget-text-editor\" data-id=\"6c39e261\" data-element_type=\"widget\" data-e-type=\"widget\" data-widget_type=\"text-editor.default\">\n\t\t\t\t<div class=\"elementor-widget-container\">\n\t\t\t\t\t\t\t\t\t<p>Are you looking for comprehensive advisory and management services for your company or as an individual? At AFILSA we are here to help you. With more than 30 years of experience, our highly qualified team is ready to offer you effective and reliable solutions. Contact us today to learn more!<\/p>\t\t\t\t\t\t\t\t<\/div>\n\t\t\t\t<\/div>\n\t\t\t\t<div class=\"elementor-element elementor-element-3c9439d4 elementor-widget elementor-widget-button\" data-id=\"3c9439d4\" data-element_type=\"widget\" data-e-type=\"widget\" data-widget_type=\"button.default\">\n\t\t\t\t<div class=\"elementor-widget-container\">\n\t\t\t\t\t\t\t\t\t<div class=\"elementor-button-wrapper\">\n\t\t\t\t\t<a class=\"elementor-button elementor-button-link elementor-size-md\" href=\"https:\/\/www.afilsa.es\/en\/contact\/\">\n\t\t\t\t\t\t<span class=\"elementor-button-content-wrapper\">\n\t\t\t\t\t\t\t\t\t<span class=\"elementor-button-text\">Contact<\/span>\n\t\t\t\t\t<\/span>\n\t\t\t\t\t<\/a>\n\t\t\t\t<\/div>\n\t\t\t\t\t\t\t\t<\/div>\n\t\t\t\t<\/div>\n\t\t\t\t\t<\/div>\n\t\t\t\t<\/div>\n\t\t\t\t\t<\/div>\n\t\t\t\t<\/div>\n\t\t\t\t<\/div>","protected":false},"excerpt":{"rendered":"<p>Fiscal y contable Te ayudamos con tus obligaciones fiscales Como directores de una empresa o siendo aut\u00f3nomos de nuestro propio negocio, tenemos la obligaci\u00f3n y la responsabilidad legal de presentar nuestras liquidaciones de impuestos y declaraciones tanto trimestrales de IRPF como la declaraci\u00f3n de la renta anual. Estos tr\u00e1mites requieren unos conocimientos de la actualidad [&hellip;]<\/p>\n","protected":false},"author":1,"featured_media":0,"parent":0,"menu_order":5,"comment_status":"closed","ping_status":"closed","template":"","meta":{"_joinchat":[],"footnotes":""},"class_list":["post-421","page","type-page","status-publish","hentry"],"yoast_head":"<!-- This site is optimized with the Yoast SEO plugin v27.4 - https:\/\/yoast.com\/product\/yoast-seo-wordpress\/ -->\n<title>Asesor\u00eda fiscal y contable - AFILSA<\/title>\n<meta name=\"description\" content=\"Servicios fiscales y contables integrales. Desde la elaboraci\u00f3n de declaraciones de renta hasta la gesti\u00f3n del IVA\" \/>\n<meta name=\"robots\" content=\"index, follow, max-snippet:-1, max-image-preview:large, max-video-preview:-1\" \/>\n<link rel=\"canonical\" href=\"https:\/\/www.afilsa.es\/en\/tax-and-accounting-advice\/\" \/>\n<meta property=\"og:locale\" content=\"en_US\" \/>\n<meta property=\"og:type\" content=\"article\" \/>\n<meta property=\"og:title\" content=\"Asesor\u00eda fiscal y contable - AFILSA\" \/>\n<meta property=\"og:description\" content=\"Servicios fiscales y contables integrales. Desde la elaboraci\u00f3n de declaraciones de renta hasta la gesti\u00f3n del IVA\" \/>\n<meta property=\"og:url\" content=\"https:\/\/www.afilsa.es\/en\/tax-and-accounting-advice\/\" \/>\n<meta property=\"og:site_name\" content=\"AFILSA\" \/>\n<meta property=\"article:modified_time\" content=\"2025-11-20T07:53:11+00:00\" \/>\n<meta property=\"og:image\" content=\"https:\/\/www.afilsa.es\/wp-content\/uploads\/2024\/04\/Cheklist.png\" \/>\n\t<meta property=\"og:image:width\" content=\"256\" \/>\n\t<meta property=\"og:image:height\" content=\"256\" \/>\n\t<meta property=\"og:image:type\" content=\"image\/png\" \/>\n<meta name=\"twitter:card\" content=\"summary_large_image\" \/>\n<script type=\"application\/ld+json\" class=\"yoast-schema-graph\">{\"@context\":\"https:\\\/\\\/schema.org\",\"@graph\":[{\"@type\":\"WebPage\",\"@id\":\"https:\\\/\\\/www.afilsa.es\\\/asesoria-fiscal-y-contable\\\/\",\"url\":\"https:\\\/\\\/www.afilsa.es\\\/asesoria-fiscal-y-contable\\\/\",\"name\":\"Asesor\u00eda fiscal y contable - AFILSA\",\"isPartOf\":{\"@id\":\"https:\\\/\\\/www.afilsa.es\\\/#website\"},\"primaryImageOfPage\":{\"@id\":\"https:\\\/\\\/www.afilsa.es\\\/asesoria-fiscal-y-contable\\\/#primaryimage\"},\"image\":{\"@id\":\"https:\\\/\\\/www.afilsa.es\\\/asesoria-fiscal-y-contable\\\/#primaryimage\"},\"thumbnailUrl\":\"https:\\\/\\\/www.afilsa.es\\\/wp-content\\\/uploads\\\/2024\\\/04\\\/Cheklist.png\",\"datePublished\":\"2024-04-03T09:32:22+00:00\",\"dateModified\":\"2025-11-20T07:53:11+00:00\",\"description\":\"Servicios fiscales y contables integrales. Desde la elaboraci\u00f3n de declaraciones de renta hasta la gesti\u00f3n del IVA\",\"breadcrumb\":{\"@id\":\"https:\\\/\\\/www.afilsa.es\\\/asesoria-fiscal-y-contable\\\/#breadcrumb\"},\"inLanguage\":\"en-US\",\"potentialAction\":[{\"@type\":\"ReadAction\",\"target\":[\"https:\\\/\\\/www.afilsa.es\\\/asesoria-fiscal-y-contable\\\/\"]}]},{\"@type\":\"ImageObject\",\"inLanguage\":\"en-US\",\"@id\":\"https:\\\/\\\/www.afilsa.es\\\/asesoria-fiscal-y-contable\\\/#primaryimage\",\"url\":\"https:\\\/\\\/www.afilsa.es\\\/wp-content\\\/uploads\\\/2024\\\/04\\\/Cheklist.png\",\"contentUrl\":\"https:\\\/\\\/www.afilsa.es\\\/wp-content\\\/uploads\\\/2024\\\/04\\\/Cheklist.png\"},{\"@type\":\"BreadcrumbList\",\"@id\":\"https:\\\/\\\/www.afilsa.es\\\/asesoria-fiscal-y-contable\\\/#breadcrumb\",\"itemListElement\":[{\"@type\":\"ListItem\",\"position\":1,\"name\":\"Inicio\",\"item\":\"https:\\\/\\\/www.afilsa.es\\\/\"},{\"@type\":\"ListItem\",\"position\":2,\"name\":\"Asesor\u00eda fiscal y contable\"}]},{\"@type\":\"WebSite\",\"@id\":\"https:\\\/\\\/www.afilsa.es\\\/#website\",\"url\":\"https:\\\/\\\/www.afilsa.es\\\/\",\"name\":\"AFILSA\",\"description\":\"Asesor\u00eda fiscal, laboral, contable y jur\u00eddico\",\"publisher\":{\"@id\":\"https:\\\/\\\/www.afilsa.es\\\/#organization\"},\"potentialAction\":[{\"@type\":\"SearchAction\",\"target\":{\"@type\":\"EntryPoint\",\"urlTemplate\":\"https:\\\/\\\/www.afilsa.es\\\/?s={search_term_string}\"},\"query-input\":{\"@type\":\"PropertyValueSpecification\",\"valueRequired\":true,\"valueName\":\"search_term_string\"}}],\"inLanguage\":\"en-US\"},{\"@type\":\"Organization\",\"@id\":\"https:\\\/\\\/www.afilsa.es\\\/#organization\",\"name\":\"AFILSA\",\"url\":\"https:\\\/\\\/www.afilsa.es\\\/\",\"logo\":{\"@type\":\"ImageObject\",\"inLanguage\":\"en-US\",\"@id\":\"https:\\\/\\\/www.afilsa.es\\\/#\\\/schema\\\/logo\\\/image\\\/\",\"url\":\"https:\\\/\\\/www.afilsa.es\\\/wp-content\\\/uploads\\\/2024\\\/04\\\/AFILSA.png\",\"contentUrl\":\"https:\\\/\\\/www.afilsa.es\\\/wp-content\\\/uploads\\\/2024\\\/04\\\/AFILSA.png\",\"width\":1985,\"height\":1200,\"caption\":\"AFILSA\"},\"image\":{\"@id\":\"https:\\\/\\\/www.afilsa.es\\\/#\\\/schema\\\/logo\\\/image\\\/\"}}]}<\/script>\n<!-- \/ Yoast SEO plugin. -->","yoast_head_json":{"title":"Tax and accounting advice - AFILSA","description":"Comprehensive tax and accounting services. From preparing income tax returns to VAT management","robots":{"index":"index","follow":"follow","max-snippet":"max-snippet:-1","max-image-preview":"max-image-preview:large","max-video-preview":"max-video-preview:-1"},"canonical":"https:\/\/www.afilsa.es\/en\/tax-and-accounting-advice\/","og_locale":"en_US","og_type":"article","og_title":"Asesor\u00eda fiscal y contable - AFILSA","og_description":"Servicios fiscales y contables integrales. Desde la elaboraci\u00f3n de declaraciones de renta hasta la gesti\u00f3n del IVA","og_url":"https:\/\/www.afilsa.es\/en\/tax-and-accounting-advice\/","og_site_name":"AFILSA","article_modified_time":"2025-11-20T07:53:11+00:00","og_image":[{"width":256,"height":256,"url":"https:\/\/www.afilsa.es\/wp-content\/uploads\/2024\/04\/Cheklist.png","type":"image\/png"}],"twitter_card":"summary_large_image","schema":{"@context":"https:\/\/schema.org","@graph":[{"@type":"WebPage","@id":"https:\/\/www.afilsa.es\/asesoria-fiscal-y-contable\/","url":"https:\/\/www.afilsa.es\/asesoria-fiscal-y-contable\/","name":"Tax and accounting advice - AFILSA","isPartOf":{"@id":"https:\/\/www.afilsa.es\/#website"},"primaryImageOfPage":{"@id":"https:\/\/www.afilsa.es\/asesoria-fiscal-y-contable\/#primaryimage"},"image":{"@id":"https:\/\/www.afilsa.es\/asesoria-fiscal-y-contable\/#primaryimage"},"thumbnailUrl":"https:\/\/www.afilsa.es\/wp-content\/uploads\/2024\/04\/Cheklist.png","datePublished":"2024-04-03T09:32:22+00:00","dateModified":"2025-11-20T07:53:11+00:00","description":"Comprehensive tax and accounting services. From preparing income tax returns to VAT management","breadcrumb":{"@id":"https:\/\/www.afilsa.es\/asesoria-fiscal-y-contable\/#breadcrumb"},"inLanguage":"en-US","potentialAction":[{"@type":"ReadAction","target":["https:\/\/www.afilsa.es\/asesoria-fiscal-y-contable\/"]}]},{"@type":"ImageObject","inLanguage":"en-US","@id":"https:\/\/www.afilsa.es\/asesoria-fiscal-y-contable\/#primaryimage","url":"https:\/\/www.afilsa.es\/wp-content\/uploads\/2024\/04\/Cheklist.png","contentUrl":"https:\/\/www.afilsa.es\/wp-content\/uploads\/2024\/04\/Cheklist.png"},{"@type":"BreadcrumbList","@id":"https:\/\/www.afilsa.es\/asesoria-fiscal-y-contable\/#breadcrumb","itemListElement":[{"@type":"ListItem","position":1,"name":"Inicio","item":"https:\/\/www.afilsa.es\/"},{"@type":"ListItem","position":2,"name":"Asesor\u00eda fiscal y contable"}]},{"@type":"WebSite","@id":"https:\/\/www.afilsa.es\/#website","url":"https:\/\/www.afilsa.es\/","name":"AFILSA","description":"Tax, labor, accounting and legal advice","publisher":{"@id":"https:\/\/www.afilsa.es\/#organization"},"potentialAction":[{"@type":"SearchAction","target":{"@type":"EntryPoint","urlTemplate":"https:\/\/www.afilsa.es\/?s={search_term_string}"},"query-input":{"@type":"PropertyValueSpecification","valueRequired":true,"valueName":"search_term_string"}}],"inLanguage":"en-US"},{"@type":"Organization","@id":"https:\/\/www.afilsa.es\/#organization","name":"AFILSA","url":"https:\/\/www.afilsa.es\/","logo":{"@type":"ImageObject","inLanguage":"en-US","@id":"https:\/\/www.afilsa.es\/#\/schema\/logo\/image\/","url":"https:\/\/www.afilsa.es\/wp-content\/uploads\/2024\/04\/AFILSA.png","contentUrl":"https:\/\/www.afilsa.es\/wp-content\/uploads\/2024\/04\/AFILSA.png","width":1985,"height":1200,"caption":"AFILSA"},"image":{"@id":"https:\/\/www.afilsa.es\/#\/schema\/logo\/image\/"}}]}},"_links":{"self":[{"href":"https:\/\/www.afilsa.es\/en\/wp-json\/wp\/v2\/pages\/421","targetHints":{"allow":["GET"]}}],"collection":[{"href":"https:\/\/www.afilsa.es\/en\/wp-json\/wp\/v2\/pages"}],"about":[{"href":"https:\/\/www.afilsa.es\/en\/wp-json\/wp\/v2\/types\/page"}],"author":[{"embeddable":true,"href":"https:\/\/www.afilsa.es\/en\/wp-json\/wp\/v2\/users\/1"}],"replies":[{"embeddable":true,"href":"https:\/\/www.afilsa.es\/en\/wp-json\/wp\/v2\/comments?post=421"}],"version-history":[{"count":33,"href":"https:\/\/www.afilsa.es\/en\/wp-json\/wp\/v2\/pages\/421\/revisions"}],"predecessor-version":[{"id":1386,"href":"https:\/\/www.afilsa.es\/en\/wp-json\/wp\/v2\/pages\/421\/revisions\/1386"}],"wp:attachment":[{"href":"https:\/\/www.afilsa.es\/en\/wp-json\/wp\/v2\/media?parent=421"}],"curies":[{"name":"wp","href":"https:\/\/api.w.org\/{rel}","templated":true}]}}