{"id":425,"date":"2024-04-03T11:32:57","date_gmt":"2024-04-03T09:32:57","guid":{"rendered":"https:\/\/www.afilsa.es\/?page_id=425"},"modified":"2024-04-17T13:57:04","modified_gmt":"2024-04-17T11:57:04","slug":"about-us","status":"publish","type":"page","link":"https:\/\/www.afilsa.es\/en\/sobre-nosotros\/","title":{"rendered":"About us"},"content":{"rendered":"<div data-elementor-type=\"wp-page\" data-elementor-id=\"425\" class=\"elementor elementor-425\" data-elementor-post-type=\"page\">\n\t\t\t\t<div class=\"elementor-element elementor-element-6e110e9c e-con-full e-flex e-con e-parent\" data-id=\"6e110e9c\" data-element_type=\"container\" data-e-type=\"container\" data-settings=\"{&quot;background_background&quot;:&quot;classic&quot;}\">\n\t\t<div class=\"elementor-element elementor-element-3eb72db2 e-con-full e-flex e-con e-child\" data-id=\"3eb72db2\" data-element_type=\"container\" data-e-type=\"container\">\n\t\t\t\t<div class=\"elementor-element elementor-element-7da93a1 elementor-widget elementor-widget-heading\" data-id=\"7da93a1\" data-element_type=\"widget\" data-e-type=\"widget\" data-widget_type=\"heading.default\">\n\t\t\t\t<div class=\"elementor-widget-container\">\n\t\t\t\t\t<h1 class=\"elementor-heading-title elementor-size-default\">About us<\/h1>\t\t\t\t<\/div>\n\t\t\t\t<\/div>\n\t\t\t\t<\/div>\n\t\t\t\t<\/div>\n\t\t<div class=\"elementor-element elementor-element-8166b1 e-flex e-con-boxed e-con e-parent\" data-id=\"8166b1\" data-element_type=\"container\" data-e-type=\"container\" data-settings=\"{&quot;background_background&quot;:&quot;classic&quot;}\">\n\t\t\t\t\t<div class=\"e-con-inner\">\n\t\t<div class=\"elementor-element elementor-element-5725cb20 e-con-full e-flex e-con e-child\" data-id=\"5725cb20\" data-element_type=\"container\" data-e-type=\"container\">\n\t\t<div class=\"elementor-element elementor-element-86c9fc1 e-con-full e-flex e-con e-child\" data-id=\"86c9fc1\" data-element_type=\"container\" data-e-type=\"container\">\n\t\t\t\t<div class=\"elementor-element elementor-element-1ed10d18 animated-fast elementor-invisible elementor-widget elementor-widget-heading\" data-id=\"1ed10d18\" data-element_type=\"widget\" data-e-type=\"widget\" data-settings=\"{&quot;_animation&quot;:&quot;slideInDown&quot;}\" data-widget_type=\"heading.default\">\n\t\t\t\t<div class=\"elementor-widget-container\">\n\t\t\t\t\t<h2 class=\"elementor-heading-title elementor-size-default\">30 years of excellence<\/h2>\t\t\t\t<\/div>\n\t\t\t\t<\/div>\n\t\t\t\t<div class=\"elementor-element elementor-element-442baa37 elementor-widget__width-initial animated-fast elementor-invisible elementor-widget elementor-widget-spacer\" data-id=\"442baa37\" data-element_type=\"widget\" data-e-type=\"widget\" data-settings=\"{&quot;_animation&quot;:&quot;slideInLeft&quot;,&quot;_animation_delay&quot;:500}\" data-widget_type=\"spacer.default\">\n\t\t\t\t<div class=\"elementor-widget-container\">\n\t\t\t\t\t\t\t<div class=\"elementor-spacer\">\n\t\t\t<div class=\"elementor-spacer-inner\"><\/div>\n\t\t<\/div>\n\t\t\t\t\t\t<\/div>\n\t\t\t\t<\/div>\n\t\t\t\t<div class=\"elementor-element elementor-element-1830fb41 animated-fast elementor-invisible elementor-widget elementor-widget-heading\" data-id=\"1830fb41\" data-element_type=\"widget\" data-e-type=\"widget\" data-settings=\"{&quot;_animation&quot;:&quot;slideInDown&quot;,&quot;_animation_delay&quot;:950}\" data-widget_type=\"heading.default\">\n\t\t\t\t<div class=\"elementor-widget-container\">\n\t\t\t\t\t<h2 class=\"elementor-heading-title elementor-size-default\">Our history<\/h2>\t\t\t\t<\/div>\n\t\t\t\t<\/div>\n\t\t\t\t<div class=\"elementor-element elementor-element-4a65ff54 elementor-widget elementor-widget-text-editor\" data-id=\"4a65ff54\" data-element_type=\"widget\" data-e-type=\"widget\" data-widget_type=\"text-editor.default\">\n\t\t\t\t<div class=\"elementor-widget-container\">\n\t\t\t\t\t\t\t\t\t<p><b>Afilsa<\/b> was born on January 1, 1992, specialized in the provision of <strong>labor, tax and accounting legal service<\/strong> at the national level, both <strong>companies and individuals<\/strong>.<\/p>\n<p><span style=\"text-align: var(--text-align); font-family: var( --e-global-typography-text-font-family ), Sans-serif; font-size: var( --e-global-typography-text-font-size ); font-style: var( --e-global-typography-text-font-style ); text-transform: var( --e-global-typography-text-text-transform );\">We are a firm committed to our clients and we seek to provide them with comprehensive and specialized advice.<\/span><br><\/p>\n<p>A&nbsp;<strong>agile and flexible firm<\/strong>. We have a structure that allows us to adapt to the most complex environments with proactivity, and react to any contingency with the efficiency demanded by the market and the client.<\/p>\n<p>At the forefront of all our cases we put at the&nbsp;<strong>team of firm partners<\/strong>. Professionals with a <strong>average of 30 years of experience<\/strong>, close, proactive and involved in every decision relevant to the client.<\/p>\n<p>Our clients benefit the most from this track record and reputation, which is the main reason we continue to set goals and work hard to achieve them.&nbsp;<\/p>\t\t\t\t\t\t\t\t<\/div>\n\t\t\t\t<\/div>\n\t\t\t\t<div class=\"elementor-element elementor-element-e4a57a0 elementor-widget__width-initial animated-fast elementor-invisible elementor-widget elementor-widget-spacer\" data-id=\"e4a57a0\" data-element_type=\"widget\" data-e-type=\"widget\" data-settings=\"{&quot;_animation&quot;:&quot;slideInLeft&quot;,&quot;_animation_delay&quot;:500}\" data-widget_type=\"spacer.default\">\n\t\t\t\t<div class=\"elementor-widget-container\">\n\t\t\t\t\t\t\t<div class=\"elementor-spacer\">\n\t\t\t<div class=\"elementor-spacer-inner\"><\/div>\n\t\t<\/div>\n\t\t\t\t\t\t<\/div>\n\t\t\t\t<\/div>\n\t\t\t\t<\/div>\n\t\t<div class=\"elementor-element elementor-element-769db93b e-con-full e-flex e-con e-child\" data-id=\"769db93b\" data-element_type=\"container\" data-e-type=\"container\">\n\t\t\t\t<div class=\"elementor-element elementor-element-8467a0 elementor-widget-divider--view-line elementor-widget elementor-widget-divider\" data-id=\"8467a0\" data-element_type=\"widget\" data-e-type=\"widget\" data-widget_type=\"divider.default\">\n\t\t\t\t<div class=\"elementor-widget-container\">\n\t\t\t\t\t\t\t<div class=\"elementor-divider\">\n\t\t\t<span class=\"elementor-divider-separator\">\n\t\t\t\t\t\t<\/span>\n\t\t<\/div>\n\t\t\t\t\t\t<\/div>\n\t\t\t\t<\/div>\n\t\t\t\t<div class=\"elementor-element elementor-element-fb2d159 elementor-widget elementor-widget-image\" data-id=\"fb2d159\" data-element_type=\"widget\" data-e-type=\"widget\" data-widget_type=\"image.default\">\n\t\t\t\t<div class=\"elementor-widget-container\">\n\t\t\t\t\t\t\t\t\t\t\t\t\t\t\t<img fetchpriority=\"high\" decoding=\"async\" width=\"800\" height=\"534\" src=\"https:\/\/www.afilsa.es\/wp-content\/uploads\/2024\/04\/shot-of-a-stack-of-legal-books-and-a-pair-of-glass-2023-11-27-05-33-04-utc-1024x683.jpg\" class=\"attachment-large size-large wp-image-810\" alt=\"AFILSA - Our history\" srcset=\"https:\/\/www.afilsa.es\/wp-content\/uploads\/2024\/04\/shot-of-a-stack-of-legal-books-and-a-pair-of-glass-2023-11-27-05-33-04-utc-1024x683.jpg 1024w, https:\/\/www.afilsa.es\/wp-content\/uploads\/2024\/04\/shot-of-a-stack-of-legal-books-and-a-pair-of-glass-2023-11-27-05-33-04-utc-300x200.jpg 300w, https:\/\/www.afilsa.es\/wp-content\/uploads\/2024\/04\/shot-of-a-stack-of-legal-books-and-a-pair-of-glass-2023-11-27-05-33-04-utc-768x512.jpg 768w, https:\/\/www.afilsa.es\/wp-content\/uploads\/2024\/04\/shot-of-a-stack-of-legal-books-and-a-pair-of-glass-2023-11-27-05-33-04-utc-18x12.jpg 18w, https:\/\/www.afilsa.es\/wp-content\/uploads\/2024\/04\/shot-of-a-stack-of-legal-books-and-a-pair-of-glass-2023-11-27-05-33-04-utc.jpg 1500w\" sizes=\"(max-width: 800px) 100vw, 800px\" \/>\t\t\t\t\t\t\t\t\t\t\t\t\t\t\t<\/div>\n\t\t\t\t<\/div>\n\t\t\t\t<div class=\"elementor-element elementor-element-b0e5aff elementor-position-inline-start elementor-widget-tablet__width-initial elementor-tablet-position-block-start elementor-widget-mobile__width-inherit elementor-view-stacked elementor-shape-square elementor-mobile-position-block-start elementor-widget elementor-widget-icon-box\" data-id=\"b0e5aff\" data-element_type=\"widget\" data-e-type=\"widget\" data-settings=\"{&quot;_animation&quot;:&quot;none&quot;}\" data-widget_type=\"icon-box.default\">\n\t\t\t\t<div class=\"elementor-widget-container\">\n\t\t\t\t\t\t\t<div class=\"elementor-icon-box-wrapper\">\n\n\t\t\t\t\t\t<div class=\"elementor-icon-box-icon\">\n\t\t\t\t<span  class=\"elementor-icon\">\n\t\t\t\t<i aria-hidden=\"true\" class=\"fas fa-check\"><\/i>\t\t\t\t<\/span>\n\t\t\t<\/div>\n\t\t\t\n\t\t\t\t\t\t<div class=\"elementor-icon-box-content\">\n\n\t\t\t\t\t\t\t\t\t<h3 class=\"elementor-icon-box-title\">\n\t\t\t\t\t\t<span  >\n\t\t\t\t\t\t\tSolid Experience\t\t\t\t\t\t<\/span>\n\t\t\t\t\t<\/h3>\n\t\t\t\t\n\t\t\t\t\t\t\t\t\t<p class=\"elementor-icon-box-description\">\n\t\t\t\t\t\tWith more than three decades in the field, at AFILSA we have solid experience that supports our commitment to excellence and customer satisfaction.\t\t\t\t\t<\/p>\n\t\t\t\t\n\t\t\t<\/div>\n\t\t\t\n\t\t<\/div>\n\t\t\t\t\t\t<\/div>\n\t\t\t\t<\/div>\n\t\t\t\t<div class=\"elementor-element elementor-element-1c22d8a0 elementor-widget-divider--view-line elementor-widget elementor-widget-divider\" data-id=\"1c22d8a0\" data-element_type=\"widget\" data-e-type=\"widget\" data-widget_type=\"divider.default\">\n\t\t\t\t<div class=\"elementor-widget-container\">\n\t\t\t\t\t\t\t<div class=\"elementor-divider\">\n\t\t\t<span class=\"elementor-divider-separator\">\n\t\t\t\t\t\t<\/span>\n\t\t<\/div>\n\t\t\t\t\t\t<\/div>\n\t\t\t\t<\/div>\n\t\t\t\t<div class=\"elementor-element elementor-element-33e97569 elementor-position-inline-start elementor-widget-tablet__width-initial elementor-tablet-position-block-start elementor-widget-mobile__width-inherit elementor-view-stacked elementor-shape-square elementor-mobile-position-block-start elementor-widget elementor-widget-icon-box\" data-id=\"33e97569\" data-element_type=\"widget\" data-e-type=\"widget\" data-settings=\"{&quot;_animation&quot;:&quot;none&quot;}\" data-widget_type=\"icon-box.default\">\n\t\t\t\t<div class=\"elementor-widget-container\">\n\t\t\t\t\t\t\t<div class=\"elementor-icon-box-wrapper\">\n\n\t\t\t\t\t\t<div class=\"elementor-icon-box-icon\">\n\t\t\t\t<span  class=\"elementor-icon\">\n\t\t\t\t<i aria-hidden=\"true\" class=\"fas fa-check\"><\/i>\t\t\t\t<\/span>\n\t\t\t<\/div>\n\t\t\t\n\t\t\t\t\t\t<div class=\"elementor-icon-box-content\">\n\n\t\t\t\t\t\t\t\t\t<h3 class=\"elementor-icon-box-title\">\n\t\t\t\t\t\t<span  >\n\t\t\t\t\t\t\tFlexibility and Adaptability\t\t\t\t\t\t<\/span>\n\t\t\t\t\t<\/h3>\n\t\t\t\t\n\t\t\t\t\t\t\t\t\t<p class=\"elementor-icon-box-description\">\n\t\t\t\t\t\tIn a constantly changing world, our firm stands out for its ability to adapt to market challenges with agility and proactivity.\t\t\t\t\t<\/p>\n\t\t\t\t\n\t\t\t<\/div>\n\t\t\t\n\t\t<\/div>\n\t\t\t\t\t\t<\/div>\n\t\t\t\t<\/div>\n\t\t\t\t<div class=\"elementor-element elementor-element-27052150 elementor-position-inline-start elementor-widget-tablet__width-initial elementor-tablet-position-block-start elementor-widget-mobile__width-inherit elementor-view-stacked elementor-shape-square elementor-mobile-position-block-start elementor-widget elementor-widget-icon-box\" data-id=\"27052150\" data-element_type=\"widget\" data-e-type=\"widget\" data-settings=\"{&quot;_animation&quot;:&quot;none&quot;}\" data-widget_type=\"icon-box.default\">\n\t\t\t\t<div class=\"elementor-widget-container\">\n\t\t\t\t\t\t\t<div class=\"elementor-icon-box-wrapper\">\n\n\t\t\t\t\t\t<div class=\"elementor-icon-box-icon\">\n\t\t\t\t<span  class=\"elementor-icon\">\n\t\t\t\t<i aria-hidden=\"true\" class=\"fas fa-check\"><\/i>\t\t\t\t<\/span>\n\t\t\t<\/div>\n\t\t\t\n\t\t\t\t\t\t<div class=\"elementor-icon-box-content\">\n\n\t\t\t\t\t\t\t\t\t<h3 class=\"elementor-icon-box-title\">\n\t\t\t\t\t\t<span  >\n\t\t\t\t\t\t\tEngagement with the client\t\t\t\t\t\t<\/span>\n\t\t\t\t\t<\/h3>\n\t\t\t\t\n\t\t\t\t\t\t\t\t\t<p class=\"elementor-icon-box-description\">\n\t\t\t\t\t\tAt AFILSA, our commitment to customers goes beyond simply meeting their expectations. \t\t\t\t\t<\/p>\n\t\t\t\t\n\t\t\t<\/div>\n\t\t\t\n\t\t<\/div>\n\t\t\t\t\t\t<\/div>\n\t\t\t\t<\/div>\n\t\t\t\t<\/div>\n\t\t\t\t<\/div>\n\t\t\t\t\t<\/div>\n\t\t\t\t<\/div>\n\t\t\t\t<\/div>","protected":false},"excerpt":{"rendered":"<p>Sobre nosotros 30 a\u00f1os de excelencia Nuestra historia Afilsa nace el 1 de Enero de 1992, especializado en la prestaci\u00f3n de servicio jur\u00eddico laboral, fiscal y contable a nivel nacional, tanto a empresas como a particulares. Somos una firma comprometida con nuestros clientes y buscamos prestarles una asesor\u00eda integral y especializada. Una\u00a0firma \u00e1gil y flexible. [&hellip;]<\/p>\n","protected":false},"author":1,"featured_media":0,"parent":0,"menu_order":2,"comment_status":"closed","ping_status":"closed","template":"","meta":{"_joinchat":[],"footnotes":""},"class_list":["post-425","page","type-page","status-publish","hentry"],"yoast_head":"<!-- This site is optimized with the Yoast SEO plugin v27.4 - https:\/\/yoast.com\/product\/yoast-seo-wordpress\/ -->\n<title>Sobre nosotros - AFILSA<\/title>\n<meta name=\"description\" content=\"30 A\u00f1os de Excelencia, desde 1992, ofreciendo servicios jur\u00eddico laborales, fiscales y contables a nivel nacional. Comprometidos con la excelencia y la satisfacci\u00f3n del cliente.\" \/>\n<meta name=\"robots\" content=\"index, follow, max-snippet:-1, max-image-preview:large, max-video-preview:-1\" \/>\n<link rel=\"canonical\" href=\"https:\/\/www.afilsa.es\/en\/about-us\/\" \/>\n<meta property=\"og:locale\" content=\"en_US\" \/>\n<meta property=\"og:type\" content=\"article\" \/>\n<meta property=\"og:title\" content=\"Sobre nosotros - AFILSA\" \/>\n<meta property=\"og:description\" content=\"30 A\u00f1os de Excelencia, desde 1992, ofreciendo servicios jur\u00eddico laborales, fiscales y contables a nivel nacional. Comprometidos con la excelencia y la satisfacci\u00f3n del cliente.\" \/>\n<meta property=\"og:url\" content=\"https:\/\/www.afilsa.es\/en\/about-us\/\" \/>\n<meta property=\"og:site_name\" content=\"AFILSA\" \/>\n<meta property=\"article:modified_time\" content=\"2024-04-17T11:57:04+00:00\" \/>\n<meta property=\"og:image\" content=\"https:\/\/www.afilsa.es\/wp-content\/uploads\/2024\/04\/shot-of-a-stack-of-legal-books-and-a-pair-of-glass-2023-11-27-05-33-04-utc-1024x683.jpg\" \/>\n<meta name=\"twitter:card\" content=\"summary_large_image\" \/>\n<script type=\"application\/ld+json\" class=\"yoast-schema-graph\">{\"@context\":\"https:\\\/\\\/schema.org\",\"@graph\":[{\"@type\":\"WebPage\",\"@id\":\"https:\\\/\\\/www.afilsa.es\\\/sobre-nosotros\\\/\",\"url\":\"https:\\\/\\\/www.afilsa.es\\\/sobre-nosotros\\\/\",\"name\":\"Sobre nosotros - AFILSA\",\"isPartOf\":{\"@id\":\"https:\\\/\\\/www.afilsa.es\\\/#website\"},\"primaryImageOfPage\":{\"@id\":\"https:\\\/\\\/www.afilsa.es\\\/sobre-nosotros\\\/#primaryimage\"},\"image\":{\"@id\":\"https:\\\/\\\/www.afilsa.es\\\/sobre-nosotros\\\/#primaryimage\"},\"thumbnailUrl\":\"https:\\\/\\\/www.afilsa.es\\\/wp-content\\\/uploads\\\/2024\\\/04\\\/shot-of-a-stack-of-legal-books-and-a-pair-of-glass-2023-11-27-05-33-04-utc-1024x683.jpg\",\"datePublished\":\"2024-04-03T09:32:57+00:00\",\"dateModified\":\"2024-04-17T11:57:04+00:00\",\"description\":\"30 A\u00f1os de Excelencia, desde 1992, ofreciendo servicios jur\u00eddico laborales, fiscales y contables a nivel nacional. Comprometidos con la excelencia y la satisfacci\u00f3n del cliente.\",\"breadcrumb\":{\"@id\":\"https:\\\/\\\/www.afilsa.es\\\/sobre-nosotros\\\/#breadcrumb\"},\"inLanguage\":\"en-US\",\"potentialAction\":[{\"@type\":\"ReadAction\",\"target\":[\"https:\\\/\\\/www.afilsa.es\\\/sobre-nosotros\\\/\"]}]},{\"@type\":\"ImageObject\",\"inLanguage\":\"en-US\",\"@id\":\"https:\\\/\\\/www.afilsa.es\\\/sobre-nosotros\\\/#primaryimage\",\"url\":\"https:\\\/\\\/www.afilsa.es\\\/wp-content\\\/uploads\\\/2024\\\/04\\\/shot-of-a-stack-of-legal-books-and-a-pair-of-glass-2023-11-27-05-33-04-utc-1024x683.jpg\",\"contentUrl\":\"https:\\\/\\\/www.afilsa.es\\\/wp-content\\\/uploads\\\/2024\\\/04\\\/shot-of-a-stack-of-legal-books-and-a-pair-of-glass-2023-11-27-05-33-04-utc-1024x683.jpg\"},{\"@type\":\"BreadcrumbList\",\"@id\":\"https:\\\/\\\/www.afilsa.es\\\/sobre-nosotros\\\/#breadcrumb\",\"itemListElement\":[{\"@type\":\"ListItem\",\"position\":1,\"name\":\"Inicio\",\"item\":\"https:\\\/\\\/www.afilsa.es\\\/\"},{\"@type\":\"ListItem\",\"position\":2,\"name\":\"Sobre nosotros\"}]},{\"@type\":\"WebSite\",\"@id\":\"https:\\\/\\\/www.afilsa.es\\\/#website\",\"url\":\"https:\\\/\\\/www.afilsa.es\\\/\",\"name\":\"AFILSA\",\"description\":\"Asesor\u00eda fiscal, laboral, contable y jur\u00eddico\",\"publisher\":{\"@id\":\"https:\\\/\\\/www.afilsa.es\\\/#organization\"},\"potentialAction\":[{\"@type\":\"SearchAction\",\"target\":{\"@type\":\"EntryPoint\",\"urlTemplate\":\"https:\\\/\\\/www.afilsa.es\\\/?s={search_term_string}\"},\"query-input\":{\"@type\":\"PropertyValueSpecification\",\"valueRequired\":true,\"valueName\":\"search_term_string\"}}],\"inLanguage\":\"en-US\"},{\"@type\":\"Organization\",\"@id\":\"https:\\\/\\\/www.afilsa.es\\\/#organization\",\"name\":\"AFILSA\",\"url\":\"https:\\\/\\\/www.afilsa.es\\\/\",\"logo\":{\"@type\":\"ImageObject\",\"inLanguage\":\"en-US\",\"@id\":\"https:\\\/\\\/www.afilsa.es\\\/#\\\/schema\\\/logo\\\/image\\\/\",\"url\":\"https:\\\/\\\/www.afilsa.es\\\/wp-content\\\/uploads\\\/2024\\\/04\\\/AFILSA.png\",\"contentUrl\":\"https:\\\/\\\/www.afilsa.es\\\/wp-content\\\/uploads\\\/2024\\\/04\\\/AFILSA.png\",\"width\":1985,\"height\":1200,\"caption\":\"AFILSA\"},\"image\":{\"@id\":\"https:\\\/\\\/www.afilsa.es\\\/#\\\/schema\\\/logo\\\/image\\\/\"}}]}<\/script>\n<!-- \/ Yoast SEO plugin. -->","yoast_head_json":{"title":"About us - AFILSA","description":"30 Years of Excellence, since 1992, offering labor, tax and accounting legal services nationwide. Committed to excellence and customer satisfaction.","robots":{"index":"index","follow":"follow","max-snippet":"max-snippet:-1","max-image-preview":"max-image-preview:large","max-video-preview":"max-video-preview:-1"},"canonical":"https:\/\/www.afilsa.es\/en\/about-us\/","og_locale":"en_US","og_type":"article","og_title":"Sobre nosotros - AFILSA","og_description":"30 A\u00f1os de Excelencia, desde 1992, ofreciendo servicios jur\u00eddico laborales, fiscales y contables a nivel nacional. Comprometidos con la excelencia y la satisfacci\u00f3n del cliente.","og_url":"https:\/\/www.afilsa.es\/en\/about-us\/","og_site_name":"AFILSA","article_modified_time":"2024-04-17T11:57:04+00:00","og_image":[{"url":"https:\/\/www.afilsa.es\/wp-content\/uploads\/2024\/04\/shot-of-a-stack-of-legal-books-and-a-pair-of-glass-2023-11-27-05-33-04-utc-1024x683.jpg","type":"","width":"","height":""}],"twitter_card":"summary_large_image","schema":{"@context":"https:\/\/schema.org","@graph":[{"@type":"WebPage","@id":"https:\/\/www.afilsa.es\/sobre-nosotros\/","url":"https:\/\/www.afilsa.es\/sobre-nosotros\/","name":"About us - AFILSA","isPartOf":{"@id":"https:\/\/www.afilsa.es\/#website"},"primaryImageOfPage":{"@id":"https:\/\/www.afilsa.es\/sobre-nosotros\/#primaryimage"},"image":{"@id":"https:\/\/www.afilsa.es\/sobre-nosotros\/#primaryimage"},"thumbnailUrl":"https:\/\/www.afilsa.es\/wp-content\/uploads\/2024\/04\/shot-of-a-stack-of-legal-books-and-a-pair-of-glass-2023-11-27-05-33-04-utc-1024x683.jpg","datePublished":"2024-04-03T09:32:57+00:00","dateModified":"2024-04-17T11:57:04+00:00","description":"30 Years of Excellence, since 1992, offering labor, tax and accounting legal services nationwide. Committed to excellence and customer satisfaction.","breadcrumb":{"@id":"https:\/\/www.afilsa.es\/sobre-nosotros\/#breadcrumb"},"inLanguage":"en-US","potentialAction":[{"@type":"ReadAction","target":["https:\/\/www.afilsa.es\/sobre-nosotros\/"]}]},{"@type":"ImageObject","inLanguage":"en-US","@id":"https:\/\/www.afilsa.es\/sobre-nosotros\/#primaryimage","url":"https:\/\/www.afilsa.es\/wp-content\/uploads\/2024\/04\/shot-of-a-stack-of-legal-books-and-a-pair-of-glass-2023-11-27-05-33-04-utc-1024x683.jpg","contentUrl":"https:\/\/www.afilsa.es\/wp-content\/uploads\/2024\/04\/shot-of-a-stack-of-legal-books-and-a-pair-of-glass-2023-11-27-05-33-04-utc-1024x683.jpg"},{"@type":"BreadcrumbList","@id":"https:\/\/www.afilsa.es\/sobre-nosotros\/#breadcrumb","itemListElement":[{"@type":"ListItem","position":1,"name":"Inicio","item":"https:\/\/www.afilsa.es\/"},{"@type":"ListItem","position":2,"name":"Sobre nosotros"}]},{"@type":"WebSite","@id":"https:\/\/www.afilsa.es\/#website","url":"https:\/\/www.afilsa.es\/","name":"AFILSA","description":"Tax, labor, accounting and legal advice","publisher":{"@id":"https:\/\/www.afilsa.es\/#organization"},"potentialAction":[{"@type":"SearchAction","target":{"@type":"EntryPoint","urlTemplate":"https:\/\/www.afilsa.es\/?s={search_term_string}"},"query-input":{"@type":"PropertyValueSpecification","valueRequired":true,"valueName":"search_term_string"}}],"inLanguage":"en-US"},{"@type":"Organization","@id":"https:\/\/www.afilsa.es\/#organization","name":"AFILSA","url":"https:\/\/www.afilsa.es\/","logo":{"@type":"ImageObject","inLanguage":"en-US","@id":"https:\/\/www.afilsa.es\/#\/schema\/logo\/image\/","url":"https:\/\/www.afilsa.es\/wp-content\/uploads\/2024\/04\/AFILSA.png","contentUrl":"https:\/\/www.afilsa.es\/wp-content\/uploads\/2024\/04\/AFILSA.png","width":1985,"height":1200,"caption":"AFILSA"},"image":{"@id":"https:\/\/www.afilsa.es\/#\/schema\/logo\/image\/"}}]}},"_links":{"self":[{"href":"https:\/\/www.afilsa.es\/en\/wp-json\/wp\/v2\/pages\/425","targetHints":{"allow":["GET"]}}],"collection":[{"href":"https:\/\/www.afilsa.es\/en\/wp-json\/wp\/v2\/pages"}],"about":[{"href":"https:\/\/www.afilsa.es\/en\/wp-json\/wp\/v2\/types\/page"}],"author":[{"embeddable":true,"href":"https:\/\/www.afilsa.es\/en\/wp-json\/wp\/v2\/users\/1"}],"replies":[{"embeddable":true,"href":"https:\/\/www.afilsa.es\/en\/wp-json\/wp\/v2\/comments?post=425"}],"version-history":[{"count":42,"href":"https:\/\/www.afilsa.es\/en\/wp-json\/wp\/v2\/pages\/425\/revisions"}],"predecessor-version":[{"id":1172,"href":"https:\/\/www.afilsa.es\/en\/wp-json\/wp\/v2\/pages\/425\/revisions\/1172"}],"wp:attachment":[{"href":"https:\/\/www.afilsa.es\/en\/wp-json\/wp\/v2\/media?parent=425"}],"curies":[{"name":"wp","href":"https:\/\/api.w.org\/{rel}","templated":true}]}}